{"id":1498,"date":"2025-03-20T12:18:37","date_gmt":"2025-03-20T10:18:37","guid":{"rendered":"https:\/\/europeanpublicspace.eu\/?page_id=1498"},"modified":"2025-03-20T18:27:43","modified_gmt":"2025-03-20T16:27:43","slug":"appell-an-die-deutschen-koalition","status":"publish","type":"page","link":"https:\/\/europeanpublicspace.eu\/index.php\/appell-an-die-deutschen-koalition\/","title":{"rendered":"Appell an die deutschen Koalition"},"content":{"rendered":"\t\t<div data-elementor-type=\"wp-page\" data-elementor-id=\"1498\" class=\"elementor elementor-1498\">\n\t\t\t\t<div class=\"elementor-element elementor-element-d92d36b e-flex e-con-boxed e-con e-parent\" data-id=\"d92d36b\" data-element_type=\"container\" data-e-type=\"container\">\n\t\t\t\t\t<div class=\"e-con-inner\">\n\t\t\t\t<div class=\"elementor-element elementor-element-c7c1817 elementor-widget elementor-widget-image\" data-id=\"c7c1817\" data-element_type=\"widget\" data-e-type=\"widget\" data-widget_type=\"image.default\">\n\t\t\t\t<div class=\"elementor-widget-container\">\n\t\t\t\t\t\t\t\t\t\t\t\t\t\t\t\t<a href=\"https:\/\/europeanpublicspace.eu\/index.php\/appeal-to-the-german-coalition-negotiators\">\n\t\t\t\t\t\t\t<img decoding=\"async\" src=\"https:\/\/europeanpublicspace.eu\/wp-content\/uploads\/elementor\/thumbs\/translate-r34up2oz6iq2yayl9cieum12s1553lazifcfzuab7k.png\" title=\"translate\" alt=\"translate\" loading=\"lazy\" \/>\t\t\t\t\t\t\t\t<\/a>\n\t\t\t\t\t\t\t\t\t\t\t\t\t\t\t<\/div>\n\t\t\t\t<\/div>\n\t\t\t\t\t<\/div>\n\t\t\t\t<\/div>\n\t\t<div class=\"elementor-element elementor-element-971e0e9 e-flex e-con-boxed e-con e-parent\" data-id=\"971e0e9\" data-element_type=\"container\" data-e-type=\"container\">\n\t\t\t\t\t<div class=\"e-con-inner\">\n\t\t\t\t<div class=\"elementor-element elementor-element-f5a1a6a elementor-widget elementor-widget-heading\" data-id=\"f5a1a6a\" data-element_type=\"widget\" data-e-type=\"widget\" data-widget_type=\"heading.default\">\n\t\t\t\t<div class=\"elementor-widget-container\">\n\t\t\t\t\t<h2 class=\"elementor-heading-title elementor-size-default\">Appell an die deutschen Koalitionsverhandler<\/h2>\t\t\t\t<\/div>\n\t\t\t\t<\/div>\n\t\t\t\t\t<\/div>\n\t\t\t\t<\/div>\n\t\t<div class=\"elementor-element elementor-element-27b4ac6 e-flex e-con-boxed e-con e-parent\" data-id=\"27b4ac6\" data-element_type=\"container\" data-e-type=\"container\">\n\t\t\t\t\t<div class=\"e-con-inner\">\n\t\t\t\t<div class=\"elementor-element elementor-element-1cef52c elementor-widget-divider--view-line elementor-invisible elementor-widget elementor-widget-divider\" data-id=\"1cef52c\" data-element_type=\"widget\" data-e-type=\"widget\" data-settings=\"{&quot;_animation&quot;:&quot;fadeIn&quot;,&quot;_animation_delay&quot;:300}\" data-widget_type=\"divider.default\">\n\t\t\t\t<div class=\"elementor-widget-container\">\n\t\t\t\t\t\t\t<div class=\"elementor-divider\">\n\t\t\t<span class=\"elementor-divider-separator\">\n\t\t\t\t\t\t<\/span>\n\t\t<\/div>\n\t\t\t\t\t\t<\/div>\n\t\t\t\t<\/div>\n\t\t\t\t\t<\/div>\n\t\t\t\t<\/div>\n\t\t<div class=\"elementor-element elementor-element-cc1da43 e-flex e-con-boxed e-con e-parent\" data-id=\"cc1da43\" data-element_type=\"container\" data-e-type=\"container\">\n\t\t\t\t\t<div class=\"e-con-inner\">\n\t\t\t\t<div class=\"elementor-element elementor-element-9f9388a elementor-widget__width-inherit elementor-widget elementor-widget-text-editor\" data-id=\"9f9388a\" data-element_type=\"widget\" data-e-type=\"widget\" data-widget_type=\"text-editor.default\">\n\t\t\t\t<div class=\"elementor-widget-container\">\n\t\t\t\t\t\t\t\t\t<p>Die Frage, ob wir in Zukunft noch frei und selbstbestimmt leben k\u00f6nnen, wird im digitalen Raum entschieden. Das gilt f\u00fcr Deutschland wie f\u00fcr Europa. Die gegenw\u00e4rtige Abh\u00e4ngigkeit von amerikanischer und chinesischer Digitaltechnologie bedroht die Souver\u00e4nit\u00e4t Deutschlands. In der neuen geopolitischen Lage ist das endg\u00fcltig klar geworden. Verwaltung, Wirtschaft und Privatpersonen sind von Technologien und Akteuren abh\u00e4ngig, die sich nicht geltendem Recht f\u00fcgen und von Unternehmen und Regierungen au\u00dferhalb Europas beherrscht werden. Die digitale Abh\u00e4ngigkeit Deutschlands ist ein enormes Sicherheitsrisiko und behindert die wirtschaftliche ebenso wie die technologische Entwicklung. Sie untergr\u00e4bt die Demokratie, die ohne eine rechtsstaatliche Digitalisierung nicht m\u00f6glich ist. Digitalisierung ist nicht irgendein Politikfeld. Sie ist die Grundlage aller Politikfelder und die Allzwecktechnologie des 21 Jahrhunderts. Sie muss daher im Fokus der Politik der neuen Bundesregierung stehen.<\/p><p>Das <em>Council for European Public Space<\/em> fordert daher die k\u00fcnftige Bundesregierung auf, die geplanten Investitionen in digitale Infrastruktur konsequent zu verwenden, um die Abh\u00e4ngigkeit Deutschlands bei Hardware, Software und digitalen Services zu verringern. Investitionen, die die gegenw\u00e4rtige Abh\u00e4ngigkeit verst\u00e4rken, schw\u00e4chen Deutschland und damit Europa.<\/p><p>Die digitale Abh\u00e4ngigkeit erm\u00f6glicht ein nie dagewesenes Ausma\u00df von Fehlinformationen, Manipulation der Meinungsbildung und Polarisierung der \u00d6ffentlichkeit. Der freien Presse werden Werbeeinnahmen entzogen, die Demokratie dadurch ausgeh\u00f6hlt.<\/p><p>Das <em>CfEPS <\/em>fordert daher eine digitale Infrastruktur f\u00fcr Information und Kommunikation, die Zugang zu vertrauensw\u00fcrdigen Informationen sowie datenschutzkonformen und rechtssicheren Kommunikationsr\u00e4umen erm\u00f6glicht. Es m\u00fcssen aktiv \u00f6ffentliche R\u00e4ume geschaffen werden, die verl\u00e4ssliche Information und freie Meinungsbildung erm\u00f6glichen. Dazu muss die neue Bundesregierung eng mit europ\u00e4ischen Institutionen zusammenarbeiten.\u00a0 Denn die Souver\u00e4nit\u00e4t Deutschlands l\u00e4sst sich im digitalen Zeitalter nur in einem geeinten Europa sichern.<\/p><p>Ein Element muss eine <a href=\"https:\/\/europeanpublicspace.eu\/wp-content\/uploads\/2025\/03\/DELPHI-Media-Platform-2025.pdf\" target=\"_blank\" rel=\"noopener\">dezentrale Streaming Plattform f\u00fcr vertrauensw\u00fcrdige Nachrichten<\/a> [1] sein, wie sie derzeit f\u00fcr Europa vorbereitet wird. Durch Einsatz von digitalen Technologien lassen sich Nachrichten und politische Informationen der Medien Europas auf einer \u00f6ffentlich eingerichteten und verantworteten Plattform allen Europ\u00e4er in ihrer jeweiligen Landessprache zug\u00e4nglich machen. Es geht darum, professionellen Journalismus zu st\u00e4rken, damit die B\u00fcrger an verl\u00e4ssliche Informationen und unabh\u00e4ngige Beitr\u00e4ge zur Meinungsbildung kommen. Nur auf Basis verl\u00e4sslicher Informationen k\u00f6nnen die B\u00fcrger freie und selbstbestimmte Entscheidungen treffen. Und nur durch eine souver\u00e4ne digitale Infrastruktur hat die freie Presse in Europa eine Chance, zu \u00fcberleben. Die Demokratie muss in Zeiten der hybriden Kriegsf\u00fchrung endlich auch im Informationssektor wehrhaft werden. Daher unser Appell an die k\u00fcnftige Bundesregierung:<\/p><ul><li><p>Stellen Sie sicher, dass die Mittel f\u00fcr digitale Infrastruktur gezielt in den Aufbau eines souver\u00e4nen <a href=\"https:\/\/www.euro-stack.info\/\" target=\"_blank\" rel=\"noopener\">Euro Stack<\/a> [2] investiert werden, der aus europ\u00e4ischer Hardware, Software und digitalen Services besteht.<\/p><\/li><li><p>Unterst\u00fctzen Sie den Aufbau eines nachhaltigen digitalen \u00d6kosystems f\u00fcr Information und Kommunikation. Deutschland und Europa brauchen eigene Social-Media-, Microblogging- und Medienangebote, die den B\u00fcrgern gepr\u00fcfte Informationen und unabh\u00e4ngig erstellte Beitr\u00e4ge zur Meinungsbildung zur Verf\u00fcgung stellen.<\/p><\/li><li><p>Unterst\u00fctzen Sie den Aufbau einer europ\u00e4ischen Nachrichtenplattform, die den B\u00fcrgern Zugang zu <em>grenz\u00fcberschreitenden<\/em> Informationen erm\u00f6glicht, wie dies in Artikel 11 der Europ\u00e4ischen Menschenrechtscharta garantiert ist.<\/p><\/li><\/ul><p>Die Verteidigung von Freiheit und Demokratie finden heute vor allem in der digitalen \u00d6ffentlichkeit statt.\u00a0 Wir m\u00fcssen Sie zur\u00fcckerobern, damit wir morgen noch unsere Zukunft selbst bestimmen k\u00f6nnen.<\/p>\t\t\t\t\t\t\t\t<\/div>\n\t\t\t\t<\/div>\n\t\t\t\t\t<\/div>\n\t\t\t\t<\/div>\n\t\t<div class=\"elementor-element elementor-element-b518663 e-flex e-con-boxed e-con e-parent\" data-id=\"b518663\" data-element_type=\"container\" data-e-type=\"container\">\n\t\t\t\t\t<div class=\"e-con-inner\">\n\t\t\t\t<div class=\"elementor-element elementor-element-cdede49 elementor-widget__width-inherit elementor-widget elementor-widget-text-editor\" data-id=\"cdede49\" data-element_type=\"widget\" data-e-type=\"widget\" data-widget_type=\"text-editor.default\">\n\t\t\t\t<div class=\"elementor-widget-container\">\n\t\t\t\t\t\t\t\t\t<hr \/><p>[1] siehe dazu das Konzeptpapier \u201eDelphi\u201c des CfEPS <a href=\"https:\/\/europeanpublicspace.eu\/wp-content\/uploads\/2025\/03\/DELPHI-Media-Platform-2025.pdf\">https:\/\/europeanpublicspace.eu\/wp-content\/uploads\/2025\/03\/DELPHI-Media-Platform-2025.pdf<\/a> sowie die Machbarkeitsstudie der STOA des Europ\u00e4ischen Parlaments <a href=\"https:\/\/www.europarl.europa.eu\/stoa\/en\/document\/EPRS_STU(2023)740249\">https:\/\/www.europarl.europa.eu\/stoa\/en\/document\/EPRS_STU(2023)740249<\/a><\/p><p>[2] siehe: <a href=\"https:\/\/www.euro-stack.info\/\">https:\/\/euro-stack.info<\/a><\/p>\t\t\t\t\t\t\t\t<\/div>\n\t\t\t\t<\/div>\n\t\t\t\t\t<\/div>\n\t\t\t\t<\/div>\n\t\t<div class=\"elementor-element elementor-element-f145675 e-flex e-con-boxed e-con e-parent\" data-id=\"f145675\" data-element_type=\"container\" data-e-type=\"container\">\n\t\t\t\t\t<div class=\"e-con-inner\">\n\t\t\t\t<div class=\"elementor-element elementor-element-ef660b4 elementor-widget elementor-widget-spacer\" data-id=\"ef660b4\" data-element_type=\"widget\" data-e-type=\"widget\" data-widget_type=\"spacer.default\">\n\t\t\t\t<div class=\"elementor-widget-container\">\n\t\t\t\t\t\t\t<div class=\"elementor-spacer\">\n\t\t\t<div class=\"elementor-spacer-inner\"><\/div>\n\t\t<\/div>\n\t\t\t\t\t\t<\/div>\n\t\t\t\t<\/div>\n\t\t\t\t\t<\/div>\n\t\t\t\t<\/div>\n\t\t<div class=\"elementor-element elementor-element-438cec0 e-flex e-con-boxed e-con e-parent\" data-id=\"438cec0\" data-element_type=\"container\" data-e-type=\"container\">\n\t\t\t\t\t<div class=\"e-con-inner\">\n\t\t\t\t<div class=\"elementor-element elementor-element-d8425d5 elementor-widget elementor-widget-image\" data-id=\"d8425d5\" data-element_type=\"widget\" data-e-type=\"widget\" data-widget_type=\"image.default\">\n\t\t\t\t<div class=\"elementor-widget-container\">\n\t\t\t\t\t\t\t\t\t\t\t\t\t\t\t<img decoding=\"async\" src=\"https:\/\/europeanpublicspace.eu\/wp-content\/uploads\/elementor\/thumbs\/cropped-CEPS_MAIN_Logo_white-qr3o4ahd4ro1tb8wuzs3uxgv86hrq824diecljxz6k.png\" title=\"cropped-CEPS_MAIN_Logo_white.png\" alt=\"cropped-CEPS_MAIN_Logo_white.png\" loading=\"lazy\" \/>\t\t\t\t\t\t\t\t\t\t\t\t\t\t\t<\/div>\n\t\t\t\t<\/div>\n\t\t\t\t<div class=\"elementor-element elementor-element-e2609eb elementor-widget elementor-widget-spacer\" data-id=\"e2609eb\" data-element_type=\"widget\" data-e-type=\"widget\" data-widget_type=\"spacer.default\">\n\t\t\t\t<div class=\"elementor-widget-container\">\n\t\t\t\t\t\t\t<div class=\"elementor-spacer\">\n\t\t\t<div class=\"elementor-spacer-inner\"><\/div>\n\t\t<\/div>\n\t\t\t\t\t\t<\/div>\n\t\t\t\t<\/div>\n\t\t\t\t<div class=\"elementor-element elementor-element-bb1f4f8 elementor-widget elementor-widget-heading\" data-id=\"bb1f4f8\" data-element_type=\"widget\" data-e-type=\"widget\" data-widget_type=\"heading.default\">\n\t\t\t\t<div class=\"elementor-widget-container\">\n\t\t\t\t\t<h3 class=\"elementor-heading-title elementor-size-default\">Der Beirat des Council for European Public Space<\/h3>\t\t\t\t<\/div>\n\t\t\t\t<\/div>\n\t\t\t\t\t<\/div>\n\t\t\t\t<\/div>\n\t\t<div class=\"elementor-element elementor-element-80481d6 e-flex e-con-boxed e-con e-parent\" data-id=\"80481d6\" data-element_type=\"container\" data-e-type=\"container\">\n\t\t\t\t\t<div class=\"e-con-inner\">\n\t\t\t\t<div class=\"elementor-element elementor-element-c1cad36 elementor-widget-divider--view-line elementor-invisible elementor-widget elementor-widget-divider\" data-id=\"c1cad36\" data-element_type=\"widget\" data-e-type=\"widget\" data-settings=\"{&quot;_animation&quot;:&quot;fadeIn&quot;,&quot;_animation_delay&quot;:300}\" data-widget_type=\"divider.default\">\n\t\t\t\t<div class=\"elementor-widget-container\">\n\t\t\t\t\t\t\t<div class=\"elementor-divider\">\n\t\t\t<span class=\"elementor-divider-separator\">\n\t\t\t\t\t\t<\/span>\n\t\t<\/div>\n\t\t\t\t\t\t<\/div>\n\t\t\t\t<\/div>\n\t\t\t\t<div class=\"elementor-element elementor-element-d30b8df elementor-widget elementor-widget-text-editor\" data-id=\"d30b8df\" data-element_type=\"widget\" data-e-type=\"widget\" data-widget_type=\"text-editor.default\">\n\t\t\t\t<div class=\"elementor-widget-container\">\n\t\t\t\t\t\t\t\t\t<p><strong>Christoph Becker<\/strong>, Stellvertretender Vorsitzender des ZDF-Fernsehrates, Programmbeirat von ARTE GEIE, Mitglied des Vorstandes des Hamburg Music Business e.V. <br \/><strong>Francesca Bria<\/strong>, Fellow Stiftung Mercator, Professorin am Institute for Innovation and Public Purpose, UCL London<br \/><strong>Nicola Frank<\/strong>, ehemalige Leiterin der Abteilung f\u00fcr institutionelle und internationale Beziehungen und Leiterin der Abteilung f\u00fcr europ\u00e4ische Angelegenheiten bei der Europ\u00e4ischen Rundfunkunion (EBU)<br \/><strong>Minna Horowitz,<\/strong> Dozentin an der Universit\u00e4t von Helsinki, Mitglied des EU-EDMO Hub NORDIS <br \/><strong>Eva King<\/strong>, Arbeiterkammer Vorarlberg, Stakeholder Engagement &amp; Strategieberatung<br \/><strong>Paul Nemitz,<\/strong> ehem. Hauptberater der Europ\u00e4ischen Kommission f\u00fcr Strategien des digitalen Wandels <br \/><strong>Jan-Hendrik Passoth<\/strong>, Professor f\u00fcr Techniksoziologie, Direktor der European New School of Digital Studies<br \/><strong>Jean-Paul Philippot<\/strong>, Intendant RTBF <br \/><strong>Matthias Pfeffer<\/strong>, Direktor Council for European Public Space<br \/><strong>Georg Rehm<\/strong>, Principal Researcher und Research Fellow am Deutschen Forschungszentrum f\u00fcr K\u00fcnstliche Intelligenz (DFKI)<br \/><strong>Maria Jo\u00e3o Rodrigues<\/strong>, Pr\u00e4sidentin FEPS (Foundation for European Progressive Studies), Re-Imagine Europa, Br\u00fcssel<br \/><strong>Krisztina Rozgonyi<\/strong>, Austrian Institute for Technology, \u00d6sterreichische Akademie der Wissenschaften <br \/><strong>Helga Tr\u00fcpel<\/strong>, Vorsitzende der Europa-Union Bremen, ehemaliges Mitglied des Europ\u00e4ischen Parlaments<br \/><strong>Jakob von Weizs\u00e4cker<\/strong>, Minister f\u00fcr Finanzen und Wissenschaft des Saarlandes<br \/><strong>Andr\u00e9 Wilkens<\/strong>, Direktor der Europ\u00e4ischen Kulturstiftung Amsterdam<\/p>\t\t\t\t\t\t\t\t<\/div>\n\t\t\t\t<\/div>\n\t\t\t\t<div class=\"elementor-element elementor-element-0c01521 elementor-widget elementor-widget-spacer\" data-id=\"0c01521\" data-element_type=\"widget\" data-e-type=\"widget\" data-widget_type=\"spacer.default\">\n\t\t\t\t<div class=\"elementor-widget-container\">\n\t\t\t\t\t\t\t<div class=\"elementor-spacer\">\n\t\t\t<div class=\"elementor-spacer-inner\"><\/div>\n\t\t<\/div>\n\t\t\t\t\t\t<\/div>\n\t\t\t\t<\/div>\n\t\t\t\t\t<\/div>\n\t\t\t\t<\/div>\n\t\t<div class=\"elementor-element elementor-element-e364c01 e-flex e-con-boxed e-con e-parent\" data-id=\"e364c01\" data-element_type=\"container\" data-e-type=\"container\">\n\t\t\t\t\t<div class=\"e-con-inner\">\n\t\t\t\t<div class=\"elementor-element elementor-element-8bd6109 elementor-widget elementor-widget-heading\" data-id=\"8bd6109\" data-element_type=\"widget\" data-e-type=\"widget\" data-widget_type=\"heading.default\">\n\t\t\t\t<div class=\"elementor-widget-container\">\n\t\t\t\t\t<h3 class=\"elementor-heading-title elementor-size-default\">Kontakt<\/h3>\t\t\t\t<\/div>\n\t\t\t\t<\/div>\n\t\t\t\t\t<\/div>\n\t\t\t\t<\/div>\n\t\t<div class=\"elementor-element elementor-element-5a043d8 e-flex e-con-boxed e-con e-parent\" data-id=\"5a043d8\" data-element_type=\"container\" data-e-type=\"container\">\n\t\t\t\t\t<div class=\"e-con-inner\">\n\t\t\t\t<div class=\"elementor-element elementor-element-231c15c elementor-widget elementor-widget-text-editor\" data-id=\"231c15c\" data-element_type=\"widget\" data-e-type=\"widget\" data-widget_type=\"text-editor.default\">\n\t\t\t\t<div class=\"elementor-widget-container\">\n\t\t\t\t\t\t\t\t\t<p><em>Der Council for European Public Space ist eine steuerrechtlich anerkannte gemeinn\u00fctzige Einrichtung mit Sitz in Berlin, die sich f\u00fcr eine demokratische digitale \u00d6ffentlichkeit in Europa einsetzt.<\/em>(<a href=\"https:\/\/europeanpublicspace.eu\">https:\/\/europeanpublicspace.eu<\/a>)<\/p><p>\u00a0<\/p><p><strong>Kontaktiere uns<\/strong><\/p><ul><li style=\"text-align: left;\"><strong>Matthias Pfeffer<\/strong>, Founding and Managing Director (<a href=\"mailto:matthias@europeanpublicspace.eu\">matthias@europeanpublicspace.eu<\/a>)<\/li><li style=\"text-align: left;\"><strong>Michael-Bernhard Zita<\/strong>, Research, Projects &amp; Networks Manager (<a href=\"mailto:michael@europeanpublicspace.eu\">michael@europeanpublicspace.eu<\/a>)<\/li><\/ul>\t\t\t\t\t\t\t\t<\/div>\n\t\t\t\t<\/div>\n\t\t\t\t<div class=\"elementor-element elementor-element-ec9ec76 elementor-shape-circle e-grid-align-right elementor-grid-0 elementor-widget elementor-widget-social-icons\" data-id=\"ec9ec76\" data-element_type=\"widget\" data-e-type=\"widget\" data-widget_type=\"social-icons.default\">\n\t\t\t\t<div class=\"elementor-widget-container\">\n\t\t\t\t\t\t\t<div class=\"elementor-social-icons-wrapper elementor-grid\" role=\"list\">\n\t\t\t\t\t\t\t<span class=\"elementor-grid-item\" role=\"listitem\">\n\t\t\t\t\t<a class=\"elementor-icon elementor-social-icon elementor-social-icon-linkedin elementor-repeater-item-b051aec\" href=\"https:\/\/www.linkedin.com\/company\/102346850\/admin\/dashboard\/\" target=\"_blank\">\n\t\t\t\t\t\t<span class=\"elementor-screen-only\">Linkedin<\/span>\n\t\t\t\t\t\t<svg aria-hidden=\"true\" class=\"e-font-icon-svg e-fab-linkedin\" viewBox=\"0 0 448 512\" xmlns=\"http:\/\/www.w3.org\/2000\/svg\"><path d=\"M416 32H31.9C14.3 32 0 46.5 0 64.3v383.4C0 465.5 14.3 480 31.9 480H416c17.6 0 32-14.5 32-32.3V64.3c0-17.8-14.4-32.3-32-32.3zM135.4 416H69V202.2h66.5V416zm-33.2-243c-21.3 0-38.5-17.3-38.5-38.5S80.9 96 102.2 96c21.2 0 38.5 17.3 38.5 38.5 0 21.3-17.2 38.5-38.5 38.5zm282.1 243h-66.4V312c0-24.8-.5-56.7-34.5-56.7-34.6 0-39.9 27-39.9 54.9V416h-66.4V202.2h63.7v29.2h.9c8.9-16.8 30.6-34.5 62.9-34.5 67.2 0 79.7 44.3 79.7 101.9V416z\"><\/path><\/svg>\t\t\t\t\t<\/a>\n\t\t\t\t<\/span>\n\t\t\t\t\t\t\t<span class=\"elementor-grid-item\" role=\"listitem\">\n\t\t\t\t\t<a class=\"elementor-icon elementor-social-icon elementor-social-icon-instagram elementor-repeater-item-af0243f\" href=\"https:\/\/www.instagram.com\/europeanpublicspace\/\" target=\"_blank\">\n\t\t\t\t\t\t<span class=\"elementor-screen-only\">Instagram<\/span>\n\t\t\t\t\t\t<svg aria-hidden=\"true\" class=\"e-font-icon-svg e-fab-instagram\" viewBox=\"0 0 448 512\" xmlns=\"http:\/\/www.w3.org\/2000\/svg\"><path d=\"M224.1 141c-63.6 0-114.9 51.3-114.9 114.9s51.3 114.9 114.9 114.9S339 319.5 339 255.9 287.7 141 224.1 141zm0 189.6c-41.1 0-74.7-33.5-74.7-74.7s33.5-74.7 74.7-74.7 74.7 33.5 74.7 74.7-33.6 74.7-74.7 74.7zm146.4-194.3c0 14.9-12 26.8-26.8 26.8-14.9 0-26.8-12-26.8-26.8s12-26.8 26.8-26.8 26.8 12 26.8 26.8zm76.1 27.2c-1.7-35.9-9.9-67.7-36.2-93.9-26.2-26.2-58-34.4-93.9-36.2-37-2.1-147.9-2.1-184.9 0-35.8 1.7-67.6 9.9-93.9 36.1s-34.4 58-36.2 93.9c-2.1 37-2.1 147.9 0 184.9 1.7 35.9 9.9 67.7 36.2 93.9s58 34.4 93.9 36.2c37 2.1 147.9 2.1 184.9 0 35.9-1.7 67.7-9.9 93.9-36.2 26.2-26.2 34.4-58 36.2-93.9 2.1-37 2.1-147.8 0-184.8zM398.8 388c-7.8 19.6-22.9 34.7-42.6 42.6-29.5 11.7-99.5 9-132.1 9s-102.7 2.6-132.1-9c-19.6-7.8-34.7-22.9-42.6-42.6-11.7-29.5-9-99.5-9-132.1s-2.6-102.7 9-132.1c7.8-19.6 22.9-34.7 42.6-42.6 29.5-11.7 99.5-9 132.1-9s102.7-2.6 132.1 9c19.6 7.8 34.7 22.9 42.6 42.6 11.7 29.5 9 99.5 9 132.1s2.7 102.7-9 132.1z\"><\/path><\/svg>\t\t\t\t\t<\/a>\n\t\t\t\t<\/span>\n\t\t\t\t\t\t\t<span class=\"elementor-grid-item\" role=\"listitem\">\n\t\t\t\t\t<a class=\"elementor-icon elementor-social-icon elementor-social-icon-mastodon elementor-repeater-item-c9d9310\" href=\"https:\/\/displayeurope.social\/@europeanpublicspace\" target=\"_blank\">\n\t\t\t\t\t\t<span class=\"elementor-screen-only\">Mastodon<\/span>\n\t\t\t\t\t\t<svg aria-hidden=\"true\" class=\"e-font-icon-svg e-fab-mastodon\" viewBox=\"0 0 448 512\" xmlns=\"http:\/\/www.w3.org\/2000\/svg\"><path d=\"M433 179.11c0-97.2-63.71-125.7-63.71-125.7-62.52-28.7-228.56-28.4-290.48 0 0 0-63.72 28.5-63.72 125.7 0 115.7-6.6 259.4 105.63 289.1 40.51 10.7 75.32 13 103.33 11.4 50.81-2.8 79.32-18.1 79.32-18.1l-1.7-36.9s-36.31 11.4-77.12 10.1c-40.41-1.4-83-4.4-89.63-54a102.54 102.54 0 0 1-.9-13.9c85.63 20.9 158.65 9.1 178.75 6.7 56.12-6.7 105-41.3 111.23-72.9 9.8-49.8 9-121.5 9-121.5zm-75.12 125.2h-46.63v-114.2c0-49.7-64-51.6-64 6.9v62.5h-46.33V197c0-58.5-64-56.6-64-6.9v114.2H90.19c0-122.1-5.2-147.9 18.41-175 25.9-28.9 79.82-30.8 103.83 6.1l11.6 19.5 11.6-19.5c24.11-37.1 78.12-34.8 103.83-6.1 23.71 27.3 18.4 53 18.4 175z\"><\/path><\/svg>\t\t\t\t\t<\/a>\n\t\t\t\t<\/span>\n\t\t\t\t\t<\/div>\n\t\t\t\t\t\t<\/div>\n\t\t\t\t<\/div>\n\t\t\t\t\t<\/div>\n\t\t\t\t<\/div>\n\t\t<div class=\"elementor-element elementor-element-3d5fba1 e-flex e-con-boxed e-con e-parent\" data-id=\"3d5fba1\" data-element_type=\"container\" data-e-type=\"container\">\n\t\t\t\t\t<div class=\"e-con-inner\">\n\t\t\t\t<div class=\"elementor-element elementor-element-b9c1e04 elementor-widget elementor-widget-text-editor\" data-id=\"b9c1e04\" data-element_type=\"widget\" data-e-type=\"widget\" data-widget_type=\"text-editor.default\">\n\t\t\t\t<div class=\"elementor-widget-container\">\n\t\t\t\t\t\t\t\t\t<p>Berlin, 20.03.2025<\/p>\t\t\t\t\t\t\t\t<\/div>\n\t\t\t\t<\/div>\n\t\t\t\t\t<\/div>\n\t\t\t\t<\/div>\n\t\t<div class=\"elementor-element elementor-element-c99ef9f e-flex e-con-boxed e-con e-parent\" data-id=\"c99ef9f\" data-element_type=\"container\" data-e-type=\"container\">\n\t\t\t\t\t<div class=\"e-con-inner\">\n\t\t\t\t\t<\/div>\n\t\t\t\t<\/div>\n\t\t<div class=\"elementor-element elementor-element-266e4be e-flex e-con-boxed e-con e-parent\" data-id=\"266e4be\" data-element_type=\"container\" data-e-type=\"container\">\n\t\t\t\t\t<div class=\"e-con-inner\">\n\t\t\t\t<div class=\"elementor-element elementor-element-8f70c70 elementor-button-info elementor-widget elementor-widget-button\" data-id=\"8f70c70\" data-element_type=\"widget\" data-e-type=\"widget\" data-widget_type=\"button.default\">\n\t\t\t\t<div class=\"elementor-widget-container\">\n\t\t\t\t\t\t\t\t\t<div class=\"elementor-button-wrapper\">\n\t\t\t\t\t<a class=\"elementor-button elementor-button-link elementor-size-sm\" href=\"https:\/\/europeanpublicspace.eu\/wp-content\/uploads\/2025\/03\/Appell-an-die-neue-Koalition_CfEPS.pdf\" target=\"_blank\">\n\t\t\t\t\t\t<span class=\"elementor-button-content-wrapper\">\n\t\t\t\t\t\t\t\t\t<span class=\"elementor-button-text\">Download des Appells als PDF<\/span>\n\t\t\t\t\t<\/span>\n\t\t\t\t\t<\/a>\n\t\t\t\t<\/div>\n\t\t\t\t\t\t\t\t<\/div>\n\t\t\t\t<\/div>\n\t\t\t\t\t<\/div>\n\t\t\t\t<\/div>\n\t\t\t\t<\/div>\n\t\t","protected":false},"excerpt":{"rendered":"<p>Appell an die deutschen Koalitionsverhandler Die Frage, ob wir in Zukunft noch frei und selbstbestimmt leben k\u00f6nnen, wird im digitalen Raum entschieden. Das gilt f\u00fcr Deutschland wie f\u00fcr Europa. Die gegenw\u00e4rtige Abh\u00e4ngigkeit von amerikanischer und chinesischer Digitaltechnologie bedroht die Souver\u00e4nit\u00e4t Deutschlands. In der neuen geopolitischen Lage ist das endg\u00fcltig klar geworden. Verwaltung, Wirtschaft und Privatpersonen&hellip; <a class=\"more-link\" href=\"https:\/\/europeanpublicspace.eu\/index.php\/appell-an-die-deutschen-koalition\/\">Continue reading <span class=\"screen-reader-text\">Appell an die deutschen Koalition<\/span><\/a><\/p>\n","protected":false},"author":2,"featured_media":0,"parent":0,"menu_order":0,"comment_status":"closed","ping_status":"closed","template":"elementor_header_footer","meta":{"footnotes":""},"class_list":["post-1498","page","type-page","status-publish","hentry","entry"],"_links":{"self":[{"href":"https:\/\/europeanpublicspace.eu\/index.php\/wp-json\/wp\/v2\/pages\/1498","targetHints":{"allow":["GET"]}}],"collection":[{"href":"https:\/\/europeanpublicspace.eu\/index.php\/wp-json\/wp\/v2\/pages"}],"about":[{"href":"https:\/\/europeanpublicspace.eu\/index.php\/wp-json\/wp\/v2\/types\/page"}],"author":[{"embeddable":true,"href":"https:\/\/europeanpublicspace.eu\/index.php\/wp-json\/wp\/v2\/users\/2"}],"replies":[{"embeddable":true,"href":"https:\/\/europeanpublicspace.eu\/index.php\/wp-json\/wp\/v2\/comments?post=1498"}],"version-history":[{"count":18,"href":"https:\/\/europeanpublicspace.eu\/index.php\/wp-json\/wp\/v2\/pages\/1498\/revisions"}],"predecessor-version":[{"id":1565,"href":"https:\/\/europeanpublicspace.eu\/index.php\/wp-json\/wp\/v2\/pages\/1498\/revisions\/1565"}],"wp:attachment":[{"href":"https:\/\/europeanpublicspace.eu\/index.php\/wp-json\/wp\/v2\/media?parent=1498"}],"curies":[{"name":"wp","href":"https:\/\/api.w.org\/{rel}","templated":true}]}}